{"id":2,"date":"2024-08-12T09:22:56","date_gmt":"2024-08-12T09:22:56","guid":{"rendered":"http:\/\/exotictravels.runasp.net\/?page_id=2"},"modified":"2025-02-15T12:32:22","modified_gmt":"2025-02-15T10:32:22","slug":"home","status":"publish","type":"page","link":"https:\/\/travelencanto.com\/es\/","title":{"rendered":"Inicio"},"content":{"rendered":"\n<figure class=\"wp-block-table is-style-stripes\"><table style=\"border-style:none;border-width:0px\"><tbody><tr><td><img decoding=\"async\" width=\"121\" height=\"150\" class=\"wp-image-731 lazyload\" style=\"--smush-placeholder-width: 121px; --smush-placeholder-aspect-ratio: 121\/150;width: 121px;\" data-src=\"https:\/\/travelencanto.com\/wp-content\/uploads\/2025\/02\/Under-construction-small.png\" alt=\"\" src=\"data:image\/gif;base64,R0lGODlhAQABAAAAACH5BAEKAAEALAAAAAABAAEAAAICTAEAOw==\"><\/td><td><strong><em>Gracias por visitar nuestro sitio web. Actualmente estamos trabajando arduamente para brindarle una experiencia en l\u00ednea mejorada. Nuestro sitio se encuentra en mantenimiento y actualizaci\u00f3n.<\/em><\/strong><\/td><\/tr><\/tbody><\/table><\/figure>\n\n\n\n<p>Elija una oferta y ll\u00e1menos para responder a sus preguntas y tal vez hacer una reserva para un viaje emocionante<\/p>\n\n\n\n<div class=\"wp-block-buttons is-layout-flex wp-block-buttons-is-layout-flex\">\n<div class=\"wp-block-button\"><a class=\"wp-block-button__link wp-element-button\" href=\"\/es\/Contact\">Cont\u00e1ctenos<\/a><\/div>\n<\/div>\n\n\n        <div class=\"rttpg-block-postgrid rttpg-block-wrapper rttpg-block-213054 tpg-filter-type-dropdown meta-visibility-show section-title-style-style1 img_hover_animation_default title-default title_position_default title_hover_border_default meta_position_default tpg-is-author-icon-default author-image-visibility-icon tpg-category-position-default readmore-btn-default-style grid-hover-overlay-type-always grid-hover-overlay-height-default hover-overlay-height-default tpg-title-border-default filter-nex-prev-btn-visible tpg-cat-style4 slider-scroll-hide act-label-style-inline\">\n            <div class=\"rt-container-fluid rt-tpg-container tpg-el-main-wrapper tpg-gutenberg clearfix grid-layout3-main\"\n                 id=\"rt-tpg-container-130276626\"\n                 data-layout=\"grid-layout3\"\n                 data-grid-style=\"tpg-even\" data-sc-id=\"elementor\"\n                 data-el-settings=''\n                 data-el-query=''\n                 data-el-path=''>\n\t\t\t\t                    <div id=\"bottom-script-loader\" class=\"bottom-script-loader\">\n                        <div class=\"rt-ball-clip-rotate\">\n                            <div><\/div>\n                        <\/div>\n                    <\/div>\n\t\t\t\t\t                <div class='tpg-header-wrapper '>\n\t\t\t\t\t                <\/div>\n\n                <div class=\"rt-row rt-content-loader gutenberg-inner grid-layout3 grid-behaviour tpg-even grid_layout_wrapper\">\n\t\t\t\t\t\n<div class=\"rt-col-md-3 rt-col-sm-6 rt-col-xs-12 default rt-grid-item\" data-id=\"513\">\n\t<div class=\"rt-holder tpg-post-holder \">\n\t\t<div class=\"rt-detail rt-el-content-wrapper\">\n\t\t\t\t\t\t\t<div class=\"rt-img-holder tpg-el-image-wrap has-thumbnail\">\n\t\t\t\t\t<a data-id=\"513\" href=\"https:\/\/travelencanto.com\/es\/argentina\/\" class=\"tpg-post-link\" target=\"_self\">                        <img decoding=\"async\" data-src=\"https:\/\/travelencanto.com\/wp-content\/uploads\/2025\/02\/Argentina2-768x512.jpg\"\n                             class=\"rt-img-responsive lazyload\"\n                             width=\"768\"\n                             height=\"512\"\n                             alt=\"Secretos del Tango y cultura del Vino: de Buenos Aires a Mendoza\" src=\"data:image\/gif;base64,R0lGODlhAQABAAAAACH5BAEKAAEALAAAAAABAAEAAAICTAEAOw==\" style=\"--smush-placeholder-width: 768px; --smush-placeholder-aspect-ratio: 768\/512;\">\n\t\t\t\t\t\t\n\t\t\t\t\t\t\t\n\t\t<\/a>\n\t\t        <div class=\"overlay grid-hover-content\"><\/div>\n\t\t\t\t\t\t<\/div>\n\t\t\t\n\n\t\t\t<div class=\"entry-title-wrapper\"><h3 class=\"entry-title\"><a data-id=\"513\" href=\"https:\/\/travelencanto.com\/es\/argentina\/\" class=\"tpg-post-link\" target=\"_self\">Secretos del Tango y cultura del Vino: de Buenos Aires a Mendoza<\/a><\/h3><\/div>\n\t\t\t\t\t\t\t<div class=\"post-meta-tags rt-el-post-meta\">\n\t\t\t\t\t            <span class='categories-links'>\n\t\t\t\t<i class='fas fa-folder-open '><\/i><a class=\"argentina\" href=\"https:\/\/travelencanto.com\/es\/category\/southamerica\/argentina\/\">Argentina<\/a><span class=\"rt-separator\">,<\/span><a class=\"southamerica\" href=\"https:\/\/travelencanto.com\/es\/category\/southamerica\/\">South America<\/a>\t\t\t<\/span>\n\t\t\t            <span class='post-tags-links'>\n\t\t\t\t<i class='fa fa-tags '><\/i><a class=\"01-09-2025\" href=\"https:\/\/travelencanto.com\/es\/tag\/01-09-2025\/\">01.09.2025<\/a><span class=\"rt-separator\">,<\/span><a class=\"june-2025\" href=\"https:\/\/travelencanto.com\/es\/tag\/june-2025\/\">June 2025<\/a>\t\t\t<\/span>\n\t\t\t\t\t\t\t<\/div>\n\t\t\t\n\t\t\t\t\t\t\t<div class=\"tpg-excerpt tpg-el-excerpt\">\n\t\t\t\t\t\t\t\t\t\t\t<div class=\"tpg-excerpt-inner\">\n\t\t\t\t\t\t\t\u00a1Disfruta de un viaje de 7 d\u00edas, explorando y viajando por casi 983 km! Itinerario: D\u00eda 1: Llegada a&#8230;\t\t\t\t\t\t<\/div>\n\t\t\t\t\t\t\t\t\t\t\t\t\t\t<\/div>\n\t\t\t\n\t\t\t        <div class=\"post-footer\">\n            <div class=\"post-footer\">\n                <div class=\"read-more\">\n\t\t\t\t\t<a data-id=\"513\" href=\"https:\/\/travelencanto.com\/es\/argentina\/\" class=\"tpg-post-link\" target=\"_self\">Leer mas<i class='left-icon fas fa-angle-right right-icon'><\/i><\/a>                <\/div>\n            <\/div>\n        <\/div>\n\t\t\t\t<\/div>\n\t<\/div>\n<\/div>\n\n<div class=\"rt-col-md-3 rt-col-sm-6 rt-col-xs-12 default rt-grid-item\" data-id=\"338\">\n\t<div class=\"rt-holder tpg-post-holder \">\n\t\t<div class=\"rt-detail rt-el-content-wrapper\">\n\t\t\t\t\t\t\t<div class=\"rt-img-holder tpg-el-image-wrap has-thumbnail\">\n\t\t\t\t\t<a data-id=\"338\" href=\"https:\/\/travelencanto.com\/es\/cuba-and-its-charms\/\" class=\"tpg-post-link\" target=\"_self\">                        <img decoding=\"async\" data-src=\"https:\/\/travelencanto.com\/wp-content\/uploads\/2025\/02\/Awsome-Cuba-768x432.jpg\"\n                             class=\"rt-img-responsive lazyload\"\n                             width=\"768\"\n                             height=\"432\"\n                             alt=\"Cuba y sus encantos\" src=\"data:image\/gif;base64,R0lGODlhAQABAAAAACH5BAEKAAEALAAAAAABAAEAAAICTAEAOw==\" style=\"--smush-placeholder-width: 768px; --smush-placeholder-aspect-ratio: 768\/432;\">\n\t\t\t\t\t\t\n\t\t\t\t\t\t\t\n\t\t<\/a>\n\t\t        <div class=\"overlay grid-hover-content\"><\/div>\n\t\t\t\t\t\t<\/div>\n\t\t\t\n\n\t\t\t<div class=\"entry-title-wrapper\"><h3 class=\"entry-title\"><a data-id=\"338\" href=\"https:\/\/travelencanto.com\/es\/cuba-and-its-charms\/\" class=\"tpg-post-link\" target=\"_self\">Cuba y sus encantos<\/a><\/h3><\/div>\n\t\t\t\t\t\t\t<div class=\"post-meta-tags rt-el-post-meta\">\n\t\t\t\t\t            <span class='categories-links'>\n\t\t\t\t<i class='fas fa-folder-open '><\/i><a class=\"caribbean\" href=\"https:\/\/travelencanto.com\/es\/category\/caribbean\/\">Caribbean<\/a><span class=\"rt-separator\">,<\/span><a class=\"cuba\" href=\"https:\/\/travelencanto.com\/es\/category\/caribbean\/cuba\/\">Cuba<\/a>\t\t\t<\/span>\n\t\t\t            <span class='post-tags-links'>\n\t\t\t\t<i class='fa fa-tags '><\/i><a class=\"25-08-2025\" href=\"https:\/\/travelencanto.com\/es\/tag\/25-08-2025\/\">25.08.2025<\/a><span class=\"rt-separator\">,<\/span><a class=\"2507-04-2025\" href=\"https:\/\/travelencanto.com\/es\/tag\/2507-04-2025\/\">2507.04.2025<\/a><span class=\"rt-separator\">,<\/span><a class=\"26-01-2026\" href=\"https:\/\/travelencanto.com\/es\/tag\/26-01-2026\/\">26.01.2026<\/a><span class=\"rt-separator\">,<\/span><a class=\"26-05-2025\" href=\"https:\/\/travelencanto.com\/es\/tag\/26-05-2025\/\">26.05.2025<\/a><span class=\"rt-separator\">,<\/span><a class=\"27-10-2025\" href=\"https:\/\/travelencanto.com\/es\/tag\/27-10-2025\/\">27.10.2025<\/a><span class=\"rt-separator\">,<\/span><a class=\"28-04-2025\" href=\"https:\/\/travelencanto.com\/es\/tag\/28-04-2025\/\">28.04.2025<\/a><span class=\"rt-separator\">,<\/span><a class=\"28-07-2025\" href=\"https:\/\/travelencanto.com\/es\/tag\/28-07-2025\/\">28.07.2025<\/a><span class=\"rt-separator\">,<\/span><a class=\"29-09-2025\" href=\"https:\/\/travelencanto.com\/es\/tag\/29-09-2025\/\">29.09.2025<\/a><span class=\"rt-separator\">,<\/span><a class=\"29-12-2025\" href=\"https:\/\/travelencanto.com\/es\/tag\/29-12-2025\/\">29.12.2025<\/a><span class=\"rt-separator\">,<\/span><a class=\"30-06-2025\" href=\"https:\/\/travelencanto.com\/es\/tag\/30-06-2025\/\">30.06.2025<\/a><span class=\"rt-separator\">,<\/span><a class=\"31-03-2025\" href=\"https:\/\/travelencanto.com\/es\/tag\/31-03-2025\/\">31.03.2025<\/a>\t\t\t<\/span>\n\t\t\t\t\t\t\t<\/div>\n\t\t\t\n\t\t\t\t\t\t\t<div class=\"tpg-excerpt tpg-el-excerpt\">\n\t\t\t\t\t\t\t\t\t\t\t<div class=\"tpg-excerpt-inner\">\n\t\t\t\t\t\t\tDuraci\u00f3n:&nbsp;06 D\u00edas Tipo de salida:&nbsp;Salida Regular Ruta del viaje:&nbsp;La Habana, Sancti&#8230;\t\t\t\t\t\t<\/div>\n\t\t\t\t\t\t\t\t\t\t\t\t\t\t<\/div>\n\t\t\t\n\t\t\t        <div class=\"post-footer\">\n            <div class=\"post-footer\">\n                <div class=\"read-more\">\n\t\t\t\t\t<a data-id=\"338\" href=\"https:\/\/travelencanto.com\/es\/cuba-and-its-charms\/\" class=\"tpg-post-link\" target=\"_self\">Leer mas<i class='left-icon fas fa-angle-right right-icon'><\/i><\/a>                <\/div>\n            <\/div>\n        <\/div>\n\t\t\t\t<\/div>\n\t<\/div>\n<\/div>\n\n<div class=\"rt-col-md-3 rt-col-sm-6 rt-col-xs-12 default rt-grid-item\" data-id=\"67\">\n\t<div class=\"rt-holder tpg-post-holder \">\n\t\t<div class=\"rt-detail rt-el-content-wrapper\">\n\t\t\t\t\t\t\t<div class=\"rt-img-holder tpg-el-image-wrap has-thumbnail\">\n\t\t\t\t\t<a data-id=\"67\" href=\"https:\/\/travelencanto.com\/es\/brasil\/\" class=\"tpg-post-link\" target=\"_self\">                        <img decoding=\"async\" data-src=\"https:\/\/travelencanto.com\/wp-content\/uploads\/2025\/01\/Brasil2.jpg\"\n                             class=\"rt-img-responsive lazyload\"\n                             width=\"750\"\n                             height=\"451\"\n                             alt=\"Brasil\" src=\"data:image\/gif;base64,R0lGODlhAQABAAAAACH5BAEKAAEALAAAAAABAAEAAAICTAEAOw==\" style=\"--smush-placeholder-width: 750px; --smush-placeholder-aspect-ratio: 750\/451;\">\n\t\t\t\t\t\t\n\t\t\t\t\t\t\t\n\t\t<\/a>\n\t\t        <div class=\"overlay grid-hover-content\"><\/div>\n\t\t\t\t\t\t<\/div>\n\t\t\t\n\n\t\t\t<div class=\"entry-title-wrapper\"><h3 class=\"entry-title\"><a data-id=\"67\" href=\"https:\/\/travelencanto.com\/es\/brasil\/\" class=\"tpg-post-link\" target=\"_self\">Brasil<\/a><\/h3><\/div>\n\t\t\t\t\t\t\t<div class=\"post-meta-tags rt-el-post-meta\">\n\t\t\t\t\t            <span class='categories-links'>\n\t\t\t\t<i class='fas fa-folder-open '><\/i><a class=\"brazil\" href=\"https:\/\/travelencanto.com\/es\/category\/southamerica\/brazil\/\">Brazil<\/a><span class=\"rt-separator\">,<\/span><a class=\"southamerica\" href=\"https:\/\/travelencanto.com\/es\/category\/southamerica\/\">South America<\/a>\t\t\t<\/span>\n\t\t\t            <span class='post-tags-links'>\n\t\t\t\t<i class='fa fa-tags '><\/i><a class=\"25-02-2025\" href=\"https:\/\/travelencanto.com\/es\/tag\/25-02-2025\/\">25.02.2025<\/a>\t\t\t<\/span>\n\t\t\t\t\t\t\t<\/div>\n\t\t\t\n\t\t\t\t\t\t\t<div class=\"tpg-excerpt tpg-el-excerpt\">\n\t\t\t\t\t\t\t\t\t\t\t<div class=\"tpg-excerpt-inner\">\n\t\t\t\t\t\t\tDuraci\u00f3n:&nbsp;13 D\u00edas Tipo de salida:&nbsp;Salida Regular Ruta del viaje:&nbsp;Manaos, Amazonas&#8230;\t\t\t\t\t\t<\/div>\n\t\t\t\t\t\t\t\t\t\t\t\t\t\t<\/div>\n\t\t\t\n\t\t\t        <div class=\"post-footer\">\n            <div class=\"post-footer\">\n                <div class=\"read-more\">\n\t\t\t\t\t<a data-id=\"67\" href=\"https:\/\/travelencanto.com\/es\/brasil\/\" class=\"tpg-post-link\" target=\"_self\">Leer mas<i class='left-icon fas fa-angle-right right-icon'><\/i><\/a>                <\/div>\n            <\/div>\n        <\/div>\n\t\t\t\t<\/div>\n\t<\/div>\n<\/div>\n\n<div class=\"rt-col-md-3 rt-col-sm-6 rt-col-xs-12 default rt-grid-item\" data-id=\"89\">\n\t<div class=\"rt-holder tpg-post-holder \">\n\t\t<div class=\"rt-detail rt-el-content-wrapper\">\n\t\t\t\t\t\t\t<div class=\"rt-img-holder tpg-el-image-wrap has-thumbnail\">\n\t\t\t\t\t<a data-id=\"89\" href=\"https:\/\/travelencanto.com\/es\/peru\/\" class=\"tpg-post-link\" target=\"_self\">                        <img decoding=\"async\" data-src=\"https:\/\/travelencanto.com\/wp-content\/uploads\/2025\/01\/Peru6-2-768x512.jpg\"\n                             class=\"rt-img-responsive lazyload\"\n                             width=\"768\"\n                             height=\"512\"\n                             alt=\"Tarma, Junin en Peru\" src=\"data:image\/gif;base64,R0lGODlhAQABAAAAACH5BAEKAAEALAAAAAABAAEAAAICTAEAOw==\" style=\"--smush-placeholder-width: 768px; --smush-placeholder-aspect-ratio: 768\/512;\">\n\t\t\t\t\t\t\n\t\t\t\t\t\t\t\n\t\t<\/a>\n\t\t        <div class=\"overlay grid-hover-content\"><\/div>\n\t\t\t\t\t\t<\/div>\n\t\t\t\n\n\t\t\t<div class=\"entry-title-wrapper\"><h3 class=\"entry-title\"><a data-id=\"89\" href=\"https:\/\/travelencanto.com\/es\/peru\/\" class=\"tpg-post-link\" target=\"_self\">Peru<\/a><\/h3><\/div>\n\t\t\t\t\t\t\t<div class=\"post-meta-tags rt-el-post-meta\">\n\t\t\t\t\t            <span class='categories-links'>\n\t\t\t\t<i class='fas fa-folder-open '><\/i><a class=\"peru\" href=\"https:\/\/travelencanto.com\/es\/category\/southamerica\/peru\/\">Peru<\/a>\t\t\t<\/span>\n\t\t\t            <span class='post-tags-links'>\n\t\t\t\t<i class='fa fa-tags '><\/i><a class=\"01-05-2025\" href=\"https:\/\/travelencanto.com\/es\/tag\/01-05-2025\/\">01.05.2025<\/a><span class=\"rt-separator\">,<\/span><a class=\"25-02-2025\" href=\"https:\/\/travelencanto.com\/es\/tag\/25-02-2025\/\">25.02.2025<\/a>\t\t\t<\/span>\n\t\t\t\t\t\t\t<\/div>\n\t\t\t\n\t\t\t\t\t\t\t<div class=\"tpg-excerpt tpg-el-excerpt\">\n\t\t\t\t\t\t\t\t\t\t\t<div class=\"tpg-excerpt-inner\">\n\t\t\t\t\t\t\tDuraci\u00f3n:&nbsp;12 D\u00edas Tipo de salida:&nbsp;Salida Regular Ruta del viaje:&nbsp;Lima, Paracas&#8230;\t\t\t\t\t\t<\/div>\n\t\t\t\t\t\t\t\t\t\t\t\t\t\t<\/div>\n\t\t\t\n\t\t\t        <div class=\"post-footer\">\n            <div class=\"post-footer\">\n                <div class=\"read-more\">\n\t\t\t\t\t<a data-id=\"89\" href=\"https:\/\/travelencanto.com\/es\/peru\/\" class=\"tpg-post-link\" target=\"_self\">Leer mas<i class='left-icon fas fa-angle-right right-icon'><\/i><\/a>                <\/div>\n            <\/div>\n        <\/div>\n\t\t\t\t<\/div>\n\t<\/div>\n<\/div>\n\n<div class=\"rt-col-md-3 rt-col-sm-6 rt-col-xs-12 default rt-grid-item\" data-id=\"1\">\n\t<div class=\"rt-holder tpg-post-holder \">\n\t\t<div class=\"rt-detail rt-el-content-wrapper\">\n\t\t\t\t\t\t\t<div class=\"rt-img-holder tpg-el-image-wrap has-thumbnail\">\n\t\t\t\t\t<a data-id=\"1\" href=\"https:\/\/travelencanto.com\/es\/hello-world\/\" class=\"tpg-post-link\" target=\"_self\">                        <img decoding=\"async\" data-src=\"https:\/\/travelencanto.com\/wp-content\/uploads\/2024\/08\/Columbia.jpg\"\n                             class=\"rt-img-responsive lazyload\"\n                             width=\"612\"\n                             height=\"406\"\n                             alt=\"Trip to Columbia\" src=\"data:image\/gif;base64,R0lGODlhAQABAAAAACH5BAEKAAEALAAAAAABAAEAAAICTAEAOw==\" style=\"--smush-placeholder-width: 612px; --smush-placeholder-aspect-ratio: 612\/406;\">\n\t\t\t\t\t\t\n\t\t\t\t\t\t\t\n\t\t<\/a>\n\t\t        <div class=\"overlay grid-hover-content\"><\/div>\n\t\t\t\t\t\t<\/div>\n\t\t\t\n\n\t\t\t<div class=\"entry-title-wrapper\"><h3 class=\"entry-title\"><a data-id=\"1\" href=\"https:\/\/travelencanto.com\/es\/hello-world\/\" class=\"tpg-post-link\" target=\"_self\">Columbia<\/a><\/h3><\/div>\n\t\t\t\t\t\t\t<div class=\"post-meta-tags rt-el-post-meta\">\n\t\t\t\t\t            <span class='categories-links'>\n\t\t\t\t<i class='fas fa-folder-open '><\/i><a class=\"colombia\" href=\"https:\/\/travelencanto.com\/es\/category\/southamerica\/colombia\/\">Colombia<\/a><span class=\"rt-separator\">,<\/span><a class=\"southamerica\" href=\"https:\/\/travelencanto.com\/es\/category\/southamerica\/\">South America<\/a>\t\t\t<\/span>\n\t\t\t            <span class='post-tags-links'>\n\t\t\t\t<i class='fa fa-tags '><\/i><a class=\"25-03-2025\" href=\"https:\/\/travelencanto.com\/es\/tag\/25-03-2025\/\">25.03.2025<\/a><span class=\"rt-separator\">,<\/span><a class=\"28-07-2025\" href=\"https:\/\/travelencanto.com\/es\/tag\/28-07-2025\/\">28.07.2025<\/a>\t\t\t<\/span>\n\t\t\t\t\t\t\t<\/div>\n\t\t\t\n\t\t\t\t\t\t\t<div class=\"tpg-excerpt tpg-el-excerpt\">\n\t\t\t\t\t\t\t\t\t\t\t<div class=\"tpg-excerpt-inner\">\n\t\t\t\t\t\t\tDuraci\u00f3n:&nbsp;06 D\u00edas Ruta del viaje:&nbsp;Bogot\u00e1, Cartagena \u00bfQu\u00e9 pa\u00edses visitar?&nbsp;Colombia&#8230;\t\t\t\t\t\t<\/div>\n\t\t\t\t\t\t\t\t\t\t\t\t\t\t<\/div>\n\t\t\t\n\t\t\t        <div class=\"post-footer\">\n            <div class=\"post-footer\">\n                <div class=\"read-more\">\n\t\t\t\t\t<a data-id=\"1\" href=\"https:\/\/travelencanto.com\/es\/hello-world\/\" class=\"tpg-post-link\" target=\"_self\">Leer mas<i class='left-icon fas fa-angle-right right-icon'><\/i><\/a>                <\/div>\n            <\/div>\n        <\/div>\n\t\t\t\t<\/div>\n\t<\/div>\n<\/div>\n                <\/div>\n\n\t\t\t\t\n            <\/div>\n        <\/div>\n\t\t\n\n\n<div class=\"wp-block-rttpg-row alignfull rttpg-block-postgrid rttpg-block-5db1c0 rttpg-block rttpg-row-wrap rttpg-block-frontend\" style=\"--d-gap-x:20px;--t-gap-x:20px;--m-gap-x:20px;--d-gap-y:20px;--t-gap-y:20px;--m-gap-y:20px\"><div class=\"rttpg-container\"><div class=\"rttpg-row\">\n<div class=\"wp-block-rttpg-column rttpg-block-postgrid rttpg-block-bab0f5 rttpg-block rttpg-column rttpg-block-frontend\"><\/div>\n<\/div><\/div><\/div>\n\n\n\n<p><\/p>\n","protected":false},"excerpt":{"rendered":"<p>Gracias por visitar nuestro sitio web. Actualmente estamos trabajando arduamente para brindarle una experiencia en l\u00ednea mejorada. Nuestro sitio se encuentra en mantenimiento y actualizaci\u00f3n. Elija una oferta y ll\u00e1menos para responder a sus preguntas y tal vez hacer una reserva para un viaje emocionante<\/p>\n","protected":false},"author":1,"featured_media":0,"parent":0,"menu_order":0,"comment_status":"closed","ping_status":"closed","template":"","meta":{"_kadence_starter_templates_imported_post":false,"_kad_post_transparent":"","_kad_post_title":"show","_kad_post_layout":"normal","_kad_post_sidebar_id":"","_kad_post_content_style":"unboxed","_kad_post_vertical_padding":"hide","_kad_post_feature":"hide","_kad_post_feature_position":"","_kad_post_header":false,"_kad_post_footer":false,"footnotes":""},"class_list":["post-2","page","type-page","status-publish","hentry"],"translation":{"provider":"WPGlobus","version":"3.0.0","language":"es","enabled_languages":["en","es"],"languages":{"en":{"title":true,"content":true,"excerpt":false},"es":{"title":true,"content":true,"excerpt":false}}},"rttpg_featured_image_url":null,"rttpg_author":{"display_name":"admin","author_link":"https:\/\/travelencanto.com\/es\/author\/admin\/"},"rttpg_comment":0,"rttpg_category":null,"rttpg_excerpt":"Gracias por visitar nuestro sitio web. Actualmente estamos trabajando arduamente para brindarle una experiencia en l\u00ednea mejorada. Nuestro sitio se encuentra en mantenimiento y actualizaci\u00f3n. Elija una oferta y ll\u00e1menos para responder a sus preguntas y tal vez hacer una reserva para un viaje emocionante","_links":{"self":[{"href":"https:\/\/travelencanto.com\/es\/wp-json\/wp\/v2\/pages\/2","targetHints":{"allow":["GET"]}}],"collection":[{"href":"https:\/\/travelencanto.com\/es\/wp-json\/wp\/v2\/pages"}],"about":[{"href":"https:\/\/travelencanto.com\/es\/wp-json\/wp\/v2\/types\/page"}],"author":[{"embeddable":true,"href":"https:\/\/travelencanto.com\/es\/wp-json\/wp\/v2\/users\/1"}],"replies":[{"embeddable":true,"href":"https:\/\/travelencanto.com\/es\/wp-json\/wp\/v2\/comments?post=2"}],"version-history":[{"count":188,"href":"https:\/\/travelencanto.com\/es\/wp-json\/wp\/v2\/pages\/2\/revisions"}],"predecessor-version":[{"id":743,"href":"https:\/\/travelencanto.com\/es\/wp-json\/wp\/v2\/pages\/2\/revisions\/743"}],"wp:attachment":[{"href":"https:\/\/travelencanto.com\/es\/wp-json\/wp\/v2\/media?parent=2"}],"curies":[{"name":"wp","href":"https:\/\/api.w.org\/{rel}","templated":true}]}}